{"id":9732,"date":"2022-03-20T16:28:42","date_gmt":"2022-03-20T16:28:42","guid":{"rendered":"https:\/\/cuadra-agrado.es\/?page_id=9732"},"modified":"2024-11-14T13:48:21","modified_gmt":"2024-11-14T13:48:21","slug":"contacto","status":"publish","type":"page","link":"https:\/\/cuadra-agrado.es\/?page_id=9732","title":{"rendered":"Contacto"},"content":{"rendered":"<p>[et_pb_section fb_built=\u00bb1&#8243; admin_label=\u00bbHeader\u00bb _builder_version=\u00bb4.24.2&#8243; _module_preset=\u00bbdefault\u00bb background_color=\u00bb#f8f9fa\u00bb use_background_color_gradient=\u00bbon\u00bb background_color_gradient_stops=\u00bb#d6d6d6 0%|#f8f9fa 100%\u00bb background_enable_image=\u00bboff\u00bb background_enable_pattern_style=\u00bbon\u00bb background_pattern_style=\u00bbtufted\u00bb background_pattern_color=\u00bbrgba(112,112,112,0.4)\u00bb custom_padding=\u00bb||18vh||false|false\u00bb locked=\u00bboff\u00bb global_colors_info=\u00bb{%22gcid-bf8893d6-1e19-4569-8191-82c737cce4e5%22:%91%22background_color_gradient_stops%22%93,%22gcid-120a43d9-6375-488d-996e-ce1ecde936fb%22:%91%22background_color_gradient_stops%22%93}\u00bb][et_pb_row _builder_version=\u00bb4.24.2&#8243; _module_preset=\u00bbdefault\u00bb custom_margin=\u00bb2vh||||false|false\u00bb custom_margin_tablet=\u00bb0%||||false|false\u00bb custom_margin_phone=\u00bb3%||||false|false\u00bb custom_margin_last_edited=\u00bbon|phone\u00bb custom_padding=\u00bb||0px||false|false\u00bb global_colors_info=\u00bb{}\u00bb][et_pb_column type=\u00bb4_4&#8243; _builder_version=\u00bb4.16&#8243; _module_preset=\u00bbdefault\u00bb global_colors_info=\u00bb{}\u00bb][dsm_typing_effect typing_effect=\u00bbContacto\u00bb typing_loop=\u00bboff\u00bb typing_cursor_color=\u00bb#E02B20&#8243; _builder_version=\u00bb4.24.2&#8243; _module_preset=\u00bbdefault\u00bb header_font=\u00bbSpecial Elite||||||||\u00bb header_text_color=\u00bbgcid-bf8893d6-1e19-4569-8191-82c737cce4e5&#8243; header_font_size=\u00bb4.3vw\u00bb header_font_size_tablet=\u00bb50px\u00bb header_font_size_phone=\u00bb30px\u00bb header_font_size_last_edited=\u00bbon|phone\u00bb header_text_shadow_style=\u00bbpreset1&#8243; global_colors_info=\u00bb{%22gcid-bf8893d6-1e19-4569-8191-82c737cce4e5%22:%91%22header_text_color%22%93}\u00bb][\/dsm_typing_effect][\/et_pb_column][\/et_pb_row][et_pb_row column_structure=\u00bb1_2,1_2&#8243; use_custom_gutter=\u00bbon\u00bb gutter_width=\u00bb2&#8243; make_equal=\u00bbon\u00bb _builder_version=\u00bb4.24.1&#8243; _module_preset=\u00bbdefault\u00bb background_enable_color=\u00bboff\u00bb background_enable_image=\u00bboff\u00bb background_size=\u00bbcustom\u00bb background_image_width=\u00bb36%\u00bb background_position=\u00bbcenter_left\u00bb z_index=\u00bb1&#8243; custom_margin_tablet=\u00bb||||false|false\u00bb custom_margin_phone=\u00bb||||false|false\u00bb custom_margin_last_edited=\u00bboff|desktop\u00bb custom_padding=\u00bb0px||||false|false\u00bb global_colors_info=\u00bb{}\u00bb][et_pb_column type=\u00bb1_2&#8243; disabled_on=\u00bboff|off|off\u00bb _builder_version=\u00bb4.24.1&#8243; _module_preset=\u00bbdefault\u00bb background_enable_image=\u00bboff\u00bb background_size=\u00bbcontain\u00bb global_colors_info=\u00bb{}\u00bb][et_pb_code _builder_version=\u00bb4.24.1&#8243; _module_preset=\u00bbdefault\u00bb global_colors_info=\u00bb{}\u00bb]<iframe src=\"https:\/\/www.google.com\/maps\/embed?pb=!1m18!1m12!1m3!1d3042.508682767443!2d-4.230786684771412!3d40.308866770116715!2m3!1f0!2f0!3f0!3m2!1i1024!2i768!4f13.1!3m3!1m2!1s0xd41b95c07f0b769%3A0x2f55e272cef4773d!2sFinca%20Sanredondo!5e0!3m2!1ses!2ses!4v1647961989359!5m2!1ses!2ses\" width=\"100%\" height=\"580\" style=\"border:0;\" allowfullscreen=\"\" loading=\"lazy\"><\/iframe>[\/et_pb_code][\/et_pb_column][et_pb_column type=\u00bb1_2&#8243; _builder_version=\u00bb4.16&#8243; _module_preset=\u00bbdefault\u00bb global_colors_info=\u00bb{}\u00bb][et_pb_text _builder_version=\u00bb4.24.2&#8243; _module_preset=\u00bbdefault\u00bb header_4_text_color=\u00bb#E02B20&#8243; header_4_line_height=\u00bb1.1em\u00bb custom_margin=\u00bb||||false|false\u00bb custom_padding=\u00bb1vh|2vw|1vh||true|false\u00bb global_colors_info=\u00bb{}\u00bb]<\/p>\n<div class=\"wpb_text_column wpb_content_element post-content\">\n<div class=\"wpb_wrapper\">\n<div class=\"mod\" lang=\"es-ES\" data-attrid=\"kc:\/local:one line summary\" data-md=\"87\" data-hveid=\"CBUQAA\" data-ved=\"2ahUKEwi7zOOLr6LpAhXZBGMBHQz9CAUQkzkwGXoECBUQAA\">\n<h4 class=\"zloOqf kpS1Ac vk_gy\"><span class=\"YhemCb\">Cuadra Agrado<br \/><\/span><span class=\"LrzXr\">Finca Sanredondo<br \/>Ctra. M-507, Km. 20,500<br \/>28620 Aldea del Fresno, Madrid<\/span><\/h4>\n<p>Web:\u00a0 <strong>www.cuadra-agrado.es<\/strong><br \/>Email:\u00a0<strong> yeguada@agrado.es<\/strong><br \/>Persona Contacto: <strong>Miguel Redondo \/ Adri\u00e1n Redondo<\/strong><br \/>Twitter:\u00a0\u00a0<strong><a href=\"https:\/\/twitter.com\/agradoracing?lang=es\" target=\"_blank\" rel=\"noopener noreferrer\">@AGRADOracing<\/a><\/strong><br \/>Instagram:\u00a0\u00a0<strong><a href=\"https:\/\/www.instagram.com\/cuadraagrado\/\" target=\"_blank\" rel=\"noopener noreferrer\">Cuadraagrado<\/a><\/strong><br \/>YouTube:<a href=\"https:\/\/www.youtube.com\/channel\/UCJdyllTJqpBlF7GLnhVM2og\" target=\"_blank\" rel=\"noopener noreferrer\">\u00a0 <strong>Agrado Racing<\/strong><\/a><\/p>\n<\/div>\n<\/div>\n<\/div>\n<div class=\"wpb_gmaps_widget wpb_content_element Finca Sanredondo\">\n<div class=\"wpb_wrapper\"><\/div>\n<\/div>\n<p>[\/et_pb_text][et_pb_contact_form email=\u00bbmiguel@agrado.es\u00bb custom_message=\u00bbFormulario de Cuadra-Agrado.||et_pb_line_break_holder||||et_pb_line_break_holder||Nombre: %%Name%%||et_pb_line_break_holder||Correo electr\u00f3nico: %%Email%%||et_pb_line_break_holder||Mensaje: %%Message%%||et_pb_line_break_holder||%%Politica%%\u00bb success_message=\u00bbRecibido. Gracias\u00bb _builder_version=\u00bb4.24.2&#8243; _module_preset=\u00bbdefault\u00bb _unique_id=\u00bbeed43718-eb5f-4b59-bb49-c8c848cb7045&#8243; form_field_background_color=\u00bb#FFFFFF\u00bb form_field_text_color=\u00bb#0C71C3&#8243; form_field_focus_background_color=\u00bb#0C71C3&#8243; form_field_focus_text_color=\u00bb#FFFFFF\u00bb captcha_font=\u00bbSpecial Elite|700|||||||\u00bb captcha_text_color=\u00bb#0C71C3&#8243; captcha_letter_spacing=\u00bb2px\u00bb form_field_font=\u00bbSpecial Elite||||||||\u00bb custom_button=\u00bbon\u00bb button_text_size=\u00bb0.8vw\u00bb button_text_color=\u00bbgcid-bf8893d6-1e19-4569-8191-82c737cce4e5&#8243; button_border_width=\u00bb1px\u00bb button_border_color=\u00bb#E02B20&#8243; button_border_radius=\u00bb100px\u00bb button_letter_spacing=\u00bb1px\u00bb button_font=\u00bb|700||on|||||\u00bb button_use_icon=\u00bboff\u00bb z_index=\u00bb999&#8243; custom_padding=\u00bb|2vw|||false|false\u00bb button_text_size_tablet=\u00bb14px\u00bb button_text_size_phone=\u00bb12px\u00bb button_text_size_last_edited=\u00bbon|tablet\u00bb box_shadow_style_button=\u00bbpreset1&#8243; global_colors_info=\u00bb{%22gcid-bf8893d6-1e19-4569-8191-82c737cce4e5%22:%91%22button_bg_color__hover%22,%22button_text_color%22%93}\u00bb button_bg_color__hover_enabled=\u00bbon|desktop\u00bb button_bg_color__hover=\u00bb#253d87&#8243; button_bg_enable_color__hover=\u00bbon\u00bb button_text_color__hover_enabled=\u00bbon|hover\u00bb button_text_color__hover=\u00bb#FFFFFF\u00bb][et_pb_contact_field field_id=\u00bbName\u00bb field_title=\u00bbNombre\u00bb _builder_version=\u00bb4.16&#8243; box_shadow_style=\u00bbpreset1&#8243; global_colors_info=\u00bb{}\u00bb button_text_size__hover_enabled=\u00bboff\u00bb button_one_text_size__hover_enabled=\u00bboff\u00bb button_two_text_size__hover_enabled=\u00bboff\u00bb button_text_color__hover_enabled=\u00bboff\u00bb button_one_text_color__hover_enabled=\u00bboff\u00bb button_two_text_color__hover_enabled=\u00bboff\u00bb button_border_width__hover_enabled=\u00bboff\u00bb button_one_border_width__hover_enabled=\u00bboff\u00bb button_two_border_width__hover_enabled=\u00bboff\u00bb button_border_color__hover_enabled=\u00bboff\u00bb button_one_border_color__hover_enabled=\u00bboff\u00bb button_two_border_color__hover_enabled=\u00bboff\u00bb button_border_radius__hover_enabled=\u00bboff\u00bb button_one_border_radius__hover_enabled=\u00bboff\u00bb button_two_border_radius__hover_enabled=\u00bboff\u00bb button_letter_spacing__hover_enabled=\u00bboff\u00bb button_one_letter_spacing__hover_enabled=\u00bboff\u00bb button_two_letter_spacing__hover_enabled=\u00bboff\u00bb button_bg_color__hover_enabled=\u00bboff\u00bb button_one_bg_color__hover_enabled=\u00bboff\u00bb button_two_bg_color__hover_enabled=\u00bboff\u00bb][\/et_pb_contact_field][et_pb_contact_field field_id=\u00bbEmail\u00bb field_title=\u00bbDirecci\u00f3n de correo electr\u00f3nico\u00bb field_type=\u00bbemail\u00bb _builder_version=\u00bb4.16&#8243; box_shadow_style=\u00bbpreset1&#8243; global_colors_info=\u00bb{}\u00bb button_text_size__hover_enabled=\u00bboff\u00bb button_one_text_size__hover_enabled=\u00bboff\u00bb button_two_text_size__hover_enabled=\u00bboff\u00bb button_text_color__hover_enabled=\u00bboff\u00bb button_one_text_color__hover_enabled=\u00bboff\u00bb button_two_text_color__hover_enabled=\u00bboff\u00bb button_border_width__hover_enabled=\u00bboff\u00bb button_one_border_width__hover_enabled=\u00bboff\u00bb button_two_border_width__hover_enabled=\u00bboff\u00bb button_border_color__hover_enabled=\u00bboff\u00bb button_one_border_color__hover_enabled=\u00bboff\u00bb button_two_border_color__hover_enabled=\u00bboff\u00bb button_border_radius__hover_enabled=\u00bboff\u00bb button_one_border_radius__hover_enabled=\u00bboff\u00bb button_two_border_radius__hover_enabled=\u00bboff\u00bb button_letter_spacing__hover_enabled=\u00bboff\u00bb button_one_letter_spacing__hover_enabled=\u00bboff\u00bb button_two_letter_spacing__hover_enabled=\u00bboff\u00bb button_bg_color__hover_enabled=\u00bboff\u00bb button_one_bg_color__hover_enabled=\u00bboff\u00bb button_two_bg_color__hover_enabled=\u00bboff\u00bb][\/et_pb_contact_field][et_pb_contact_field field_id=\u00bbMessage\u00bb field_title=\u00bbMensaje\u00bb field_type=\u00bbtext\u00bb fullwidth_field=\u00bbon\u00bb _builder_version=\u00bb4.16&#8243; box_shadow_style=\u00bbpreset1&#8243; global_colors_info=\u00bb{}\u00bb button_text_size__hover_enabled=\u00bboff\u00bb button_one_text_size__hover_enabled=\u00bboff\u00bb button_two_text_size__hover_enabled=\u00bboff\u00bb button_text_color__hover_enabled=\u00bboff\u00bb button_one_text_color__hover_enabled=\u00bboff\u00bb button_two_text_color__hover_enabled=\u00bboff\u00bb button_border_width__hover_enabled=\u00bboff\u00bb button_one_border_width__hover_enabled=\u00bboff\u00bb button_two_border_width__hover_enabled=\u00bboff\u00bb button_border_color__hover_enabled=\u00bboff\u00bb button_one_border_color__hover_enabled=\u00bboff\u00bb button_two_border_color__hover_enabled=\u00bboff\u00bb button_border_radius__hover_enabled=\u00bboff\u00bb button_one_border_radius__hover_enabled=\u00bboff\u00bb button_two_border_radius__hover_enabled=\u00bboff\u00bb button_letter_spacing__hover_enabled=\u00bboff\u00bb button_one_letter_spacing__hover_enabled=\u00bboff\u00bb button_two_letter_spacing__hover_enabled=\u00bboff\u00bb button_bg_color__hover_enabled=\u00bboff\u00bb button_one_bg_color__hover_enabled=\u00bboff\u00bb button_two_bg_color__hover_enabled=\u00bboff\u00bb][\/et_pb_contact_field][et_pb_contact_field field_id=\u00bbPolitica\u00bb field_title=\u00bbPol\u00edtica de Protecci\u00f3n de datos\u00bb field_type=\u00bbcheckbox\u00bb checkbox_options=\u00bb%91{%22value%22:%22S\u00ed, acepto la Pol\u00edtica de Protecci\u00f3n de datos %22,%22checked%22:0,%22dragID%22:-1,%22link_url%22:%22https:\/\/cuadra-agrado.es\/politica-privacidad\/%22,%22link_text%22:%22%22}%93&#8243; fullwidth_field=\u00bbon\u00bb _builder_version=\u00bb4.16&#8243; _module_preset=\u00bbdefault\u00bb global_colors_info=\u00bb{}\u00bb][\/et_pb_contact_field][\/et_pb_contact_form][\/et_pb_column][\/et_pb_row][\/et_pb_section]<\/p>\n<!-- AddThis Advanced Settings generic via filter on the_content --><!-- AddThis Share Buttons generic via filter on the_content -->","protected":false},"excerpt":{"rendered":"<p><div class=\"et_pb_module dsm_typing_effect dsm_typing_effect_0 et_pb_bg_layout_light \">\n\t\t\t\t\n\t\t\t\t\n\t\t\t\t\n\t\t\t\t\n\t\t\t\t\n\t\t\t\t\n\t\t\t\t<div class=\"et_pb_module_inner\">\n\t\t\t\t\t<h1 class=\"dsm-typing-effect et_pb_module_header\" aria-label=\"Contacto\"> <span class=\"dsm-typing-wrapper\"><span class=\"dsm-typing-strings\">Contacto<\/span><span class=\"dsm-typing\" aria-hidden=\"true\" data-dsm-typing-cursor=\"|\" data-dsm-typing-strings=\"Contacto\" data-dsm-typing-speed=100ms data-dsm-typing-backspeed=50ms data-dsm-typing-backdelay=700ms data-dsm-typing-loop=false data-dsm-typing-remove-cursor=off data-dsm-typing-fadeout=false data-dsm-typing-shuffle=false data-dsm-typing-delay=0ms data-dsm-typing-viewport=80% data-dsm-typing-repeat=on><\/span><\/span><\/h1>\n\t\t\t\t<\/div>\n\t\t\t<\/div> Cuadra AgradoFinca SanredondoCtra. M-507, Km. 20,50028620 Aldea del Fresno, Madrid Web:\u00a0 www.cuadra-agrado.esEmail:\u00a0 yeguada@agrado.esPersona Contacto: Miguel Redondo \/ Adri\u00e1n RedondoTwitter:\u00a0\u00a0@AGRADOracingInstagram:\u00a0\u00a0CuadraagradoYouTube:\u00a0 Agrado Racing<\/p>\n<p><!-- AddThis Advanced Settings generic via filter on get_the_excerpt --><!-- AddThis Share Buttons generic via filter on get_the_excerpt --><\/p>\n","protected":false},"author":5,"featured_media":0,"parent":0,"menu_order":0,"comment_status":"closed","ping_status":"closed","template":"","meta":{"_acf_changed":false,"_et_pb_use_builder":"on","_et_pb_old_content":"","_et_gb_content_width":"","footnotes":""},"class_list":["post-9732","page","type-page","status-publish","hentry"],"acf":[],"yoast_head":"<!-- This site is optimized with the Yoast SEO plugin v27.4 - https:\/\/yoast.com\/product\/yoast-seo-wordpress\/ -->\n<title>Contacto - Cuadra Agrado<\/title>\n<meta name=\"robots\" content=\"index, follow, max-snippet:-1, max-image-preview:large, max-video-preview:-1\" \/>\n<link rel=\"canonical\" href=\"https:\/\/cuadra-agrado.es\/?page_id=9732\" \/>\n<meta property=\"og:locale\" content=\"es_ES\" \/>\n<meta property=\"og:type\" content=\"article\" \/>\n<meta property=\"og:title\" content=\"Contacto - Cuadra Agrado\" \/>\n<meta property=\"og:description\" content=\"Cuadra AgradoFinca SanredondoCtra. M-507, Km. 20,50028620 Aldea del Fresno, Madrid Web:\u00a0 www.cuadra-agrado.esEmail:\u00a0 yeguada@agrado.esPersona Contacto: Miguel Redondo \/ Adri\u00e1n RedondoTwitter:\u00a0\u00a0@AGRADOracingInstagram:\u00a0\u00a0CuadraagradoYouTube:\u00a0 Agrado Racing\" \/>\n<meta property=\"og:url\" content=\"https:\/\/cuadra-agrado.es\/?page_id=9732\" \/>\n<meta property=\"og:site_name\" content=\"Cuadra Agrado\" \/>\n<meta property=\"article:modified_time\" content=\"2024-11-14T13:48:21+00:00\" \/>\n<meta name=\"twitter:card\" content=\"summary_large_image\" \/>\n<meta name=\"twitter:site\" content=\"@AGRADOracing\" \/>\n<meta name=\"twitter:label1\" content=\"Tiempo de lectura\" \/>\n\t<meta name=\"twitter:data1\" content=\"2 minutos\" \/>\n<script type=\"application\/ld+json\" class=\"yoast-schema-graph\">{\"@context\":\"https:\\\/\\\/schema.org\",\"@graph\":[{\"@type\":\"WebPage\",\"@id\":\"https:\\\/\\\/cuadra-agrado.es\\\/?page_id=9732\",\"url\":\"https:\\\/\\\/cuadra-agrado.es\\\/?page_id=9732\",\"name\":\"Contacto - Cuadra Agrado\",\"isPartOf\":{\"@id\":\"https:\\\/\\\/cuadra-agrado.es\\\/#website\"},\"datePublished\":\"2022-03-20T16:28:42+00:00\",\"dateModified\":\"2024-11-14T13:48:21+00:00\",\"breadcrumb\":{\"@id\":\"https:\\\/\\\/cuadra-agrado.es\\\/?page_id=9732#breadcrumb\"},\"inLanguage\":\"es\",\"potentialAction\":[{\"@type\":\"ReadAction\",\"target\":[\"https:\\\/\\\/cuadra-agrado.es\\\/?page_id=9732\"]}]},{\"@type\":\"BreadcrumbList\",\"@id\":\"https:\\\/\\\/cuadra-agrado.es\\\/?page_id=9732#breadcrumb\",\"itemListElement\":[{\"@type\":\"ListItem\",\"position\":1,\"name\":\"Portada\",\"item\":\"https:\\\/\\\/cuadra-agrado.es\\\/\"},{\"@type\":\"ListItem\",\"position\":2,\"name\":\"Contacto\"}]},{\"@type\":\"WebSite\",\"@id\":\"https:\\\/\\\/cuadra-agrado.es\\\/#website\",\"url\":\"https:\\\/\\\/cuadra-agrado.es\\\/\",\"name\":\"Cuadra Agrado\",\"description\":\"En el mundo del Turf desde 2008\",\"potentialAction\":[{\"@type\":\"SearchAction\",\"target\":{\"@type\":\"EntryPoint\",\"urlTemplate\":\"https:\\\/\\\/cuadra-agrado.es\\\/?s={search_term_string}\"},\"query-input\":{\"@type\":\"PropertyValueSpecification\",\"valueRequired\":true,\"valueName\":\"search_term_string\"}}],\"inLanguage\":\"es\"}]}<\/script>\n<!-- \/ Yoast SEO plugin. -->","yoast_head_json":{"title":"Contacto - Cuadra Agrado","robots":{"index":"index","follow":"follow","max-snippet":"max-snippet:-1","max-image-preview":"max-image-preview:large","max-video-preview":"max-video-preview:-1"},"canonical":"https:\/\/cuadra-agrado.es\/?page_id=9732","og_locale":"es_ES","og_type":"article","og_title":"Contacto - Cuadra Agrado","og_description":"Cuadra AgradoFinca SanredondoCtra. M-507, Km. 20,50028620 Aldea del Fresno, Madrid Web:\u00a0 www.cuadra-agrado.esEmail:\u00a0 yeguada@agrado.esPersona Contacto: Miguel Redondo \/ Adri\u00e1n RedondoTwitter:\u00a0\u00a0@AGRADOracingInstagram:\u00a0\u00a0CuadraagradoYouTube:\u00a0 Agrado Racing","og_url":"https:\/\/cuadra-agrado.es\/?page_id=9732","og_site_name":"Cuadra Agrado","article_modified_time":"2024-11-14T13:48:21+00:00","twitter_card":"summary_large_image","twitter_site":"@AGRADOracing","twitter_misc":{"Tiempo de lectura":"2 minutos"},"schema":{"@context":"https:\/\/schema.org","@graph":[{"@type":"WebPage","@id":"https:\/\/cuadra-agrado.es\/?page_id=9732","url":"https:\/\/cuadra-agrado.es\/?page_id=9732","name":"Contacto - Cuadra Agrado","isPartOf":{"@id":"https:\/\/cuadra-agrado.es\/#website"},"datePublished":"2022-03-20T16:28:42+00:00","dateModified":"2024-11-14T13:48:21+00:00","breadcrumb":{"@id":"https:\/\/cuadra-agrado.es\/?page_id=9732#breadcrumb"},"inLanguage":"es","potentialAction":[{"@type":"ReadAction","target":["https:\/\/cuadra-agrado.es\/?page_id=9732"]}]},{"@type":"BreadcrumbList","@id":"https:\/\/cuadra-agrado.es\/?page_id=9732#breadcrumb","itemListElement":[{"@type":"ListItem","position":1,"name":"Portada","item":"https:\/\/cuadra-agrado.es\/"},{"@type":"ListItem","position":2,"name":"Contacto"}]},{"@type":"WebSite","@id":"https:\/\/cuadra-agrado.es\/#website","url":"https:\/\/cuadra-agrado.es\/","name":"Cuadra Agrado","description":"En el mundo del Turf desde 2008","potentialAction":[{"@type":"SearchAction","target":{"@type":"EntryPoint","urlTemplate":"https:\/\/cuadra-agrado.es\/?s={search_term_string}"},"query-input":{"@type":"PropertyValueSpecification","valueRequired":true,"valueName":"search_term_string"}}],"inLanguage":"es"}]}},"_links":{"self":[{"href":"https:\/\/cuadra-agrado.es\/index.php?rest_route=\/wp\/v2\/pages\/9732","targetHints":{"allow":["GET"]}}],"collection":[{"href":"https:\/\/cuadra-agrado.es\/index.php?rest_route=\/wp\/v2\/pages"}],"about":[{"href":"https:\/\/cuadra-agrado.es\/index.php?rest_route=\/wp\/v2\/types\/page"}],"author":[{"embeddable":true,"href":"https:\/\/cuadra-agrado.es\/index.php?rest_route=\/wp\/v2\/users\/5"}],"replies":[{"embeddable":true,"href":"https:\/\/cuadra-agrado.es\/index.php?rest_route=%2Fwp%2Fv2%2Fcomments&post=9732"}],"version-history":[{"count":2,"href":"https:\/\/cuadra-agrado.es\/index.php?rest_route=\/wp\/v2\/pages\/9732\/revisions"}],"predecessor-version":[{"id":15641,"href":"https:\/\/cuadra-agrado.es\/index.php?rest_route=\/wp\/v2\/pages\/9732\/revisions\/15641"}],"wp:attachment":[{"href":"https:\/\/cuadra-agrado.es\/index.php?rest_route=%2Fwp%2Fv2%2Fmedia&parent=9732"}],"curies":[{"name":"wp","href":"https:\/\/api.w.org\/{rel}","templated":true}]}}