{"id":10717,"date":"2022-10-01T06:48:11","date_gmt":"2022-10-01T06:48:11","guid":{"rendered":"https:\/\/cuadra-agrado.es\/?page_id=10717"},"modified":"2024-02-27T09:14:41","modified_gmt":"2024-02-27T09:14:41","slug":"cookies","status":"publish","type":"page","link":"https:\/\/cuadra-agrado.es\/?page_id=10717","title":{"rendered":"Cookies"},"content":{"rendered":"<p>[et_pb_section fb_built=\u00bb1&#8243; _builder_version=\u00bb4.24.1&#8243; _module_preset=\u00bbdefault\u00bb background_enable_color=\u00bboff\u00bb background_color_gradient_direction=\u00bb90deg\u00bb background_color_gradient_end=\u00bb#e02b20&#8243; background_image=\u00bbhttp:\/\/cuadra-agrado.es\/wp-content\/uploads\/2024\/02\/rme84fb7-04.jpg\u00bb parallax=\u00bbon\u00bb parallax_method=\u00bboff\u00bb global_colors_info=\u00bb{}\u00bb theme_builder_area=\u00bbpost_content\u00bb][et_pb_row use_custom_gutter=\u00bbon\u00bb gutter_width=\u00bb2&#8243; make_equal=\u00bbon\u00bb _builder_version=\u00bb4.24.1&#8243; _module_preset=\u00bbdefault\u00bb background_enable_color=\u00bboff\u00bb custom_margin=\u00bb4vh||||false|false\u00bb custom_margin_tablet=\u00bb6%||||false|false\u00bb custom_margin_phone=\u00bb0%||||false|false\u00bb custom_margin_last_edited=\u00bbon|tablet\u00bb custom_padding=\u00bb||0px||false|false\u00bb global_colors_info=\u00bb{}\u00bb theme_builder_area=\u00bbpost_content\u00bb][et_pb_column type=\u00bb4_4&#8243; _builder_version=\u00bb4.16&#8243; _module_preset=\u00bbdefault\u00bb global_colors_info=\u00bb{}\u00bb theme_builder_area=\u00bbpost_content\u00bb][dsm_typing_effect typing_effect=\u00bbAviso de Cookies\u00bb typing_loop=\u00bboff\u00bb typing_cursor_color=\u00bb#E02B20&#8243; _builder_version=\u00bb4.24.1&#8243; _module_preset=\u00bbdefault\u00bb header_font=\u00bbSpecial Elite||||||||\u00bb header_text_color=\u00bb#FFFFFF\u00bb header_font_size=\u00bb4.3vw\u00bb hover_enabled=\u00bb0&#8243; header_font_size_tablet=\u00bb50px\u00bb header_font_size_phone=\u00bb30px\u00bb header_font_size_last_edited=\u00bbon|phone\u00bb header_text_shadow_style=\u00bbpreset1&#8243; global_colors_info=\u00bb{}\u00bb theme_builder_area=\u00bbpost_content\u00bb sticky_enabled=\u00bb0&#8243;][\/dsm_typing_effect][\/et_pb_column][\/et_pb_row][et_pb_row use_custom_gutter=\u00bbon\u00bb gutter_width=\u00bb2&#8243; make_equal=\u00bbon\u00bb _builder_version=\u00bb4.24.1&#8243; _module_preset=\u00bbdefault\u00bb background_enable_color=\u00bboff\u00bb custom_margin_tablet=\u00bb6%||||false|false\u00bb custom_margin_phone=\u00bb0%||||false|false\u00bb custom_margin_last_edited=\u00bboff|desktop\u00bb custom_padding=\u00bb0px||0px||false|false\u00bb global_colors_info=\u00bb{}\u00bb theme_builder_area=\u00bbpost_content\u00bb][et_pb_column type=\u00bb4_4&#8243; _builder_version=\u00bb4.24.1&#8243; _module_preset=\u00bbdefault\u00bb custom_css_main_element=\u00bbdisplay: flex;||justify-content: flex-start;\u00bb global_colors_info=\u00bb{}\u00bb theme_builder_area=\u00bbpost_content\u00bb][et_pb_button button_url=\u00bb@ET-DC@eyJkeW5hbWljIjp0cnVlLCJjb250ZW50IjoicG9zdF9saW5rX3VybF9wYWdlIiwic2V0dGluZ3MiOnsicG9zdF9pZCI6IjMifX0=@\u00bb button_text=\u00bbPrivacidad\u00bb _builder_version=\u00bb4.24.1&#8243; _dynamic_attributes=\u00bbbutton_url\u00bb _module_preset=\u00bbdefault\u00bb custom_button=\u00bbon\u00bb button_text_size=\u00bb14px\u00bb button_border_radius=\u00bb100px\u00bb button_font=\u00bb|||on|||||\u00bb button_use_icon=\u00bboff\u00bb background_layout=\u00bbdark\u00bb custom_margin=\u00bb||0px||false|false\u00bb button_text_size_tablet=\u00bb\u00bb button_text_size_phone=\u00bb12px\u00bb button_text_size_last_edited=\u00bbon|phone\u00bb global_colors_info=\u00bb{}\u00bb theme_builder_area=\u00bbpost_content\u00bb][\/et_pb_button][et_pb_button button_url=\u00bb@ET-DC@eyJkeW5hbWljIjp0cnVlLCJjb250ZW50IjoicG9zdF9saW5rX3VybF9wYWdlIiwic2V0dGluZ3MiOnsicG9zdF9pZCI6IjEwNzIyIn19@\u00bb button_text=\u00bbLegal\u00bb _builder_version=\u00bb4.24.1&#8243; _dynamic_attributes=\u00bbbutton_url\u00bb _module_preset=\u00bbdefault\u00bb custom_button=\u00bbon\u00bb button_text_size=\u00bb14px\u00bb button_border_radius=\u00bb100px\u00bb button_font=\u00bb|||on|||||\u00bb button_use_icon=\u00bboff\u00bb background_layout=\u00bbdark\u00bb custom_margin=\u00bb|12px|0px|12px|false|true\u00bb hover_enabled=\u00bb0&#8243; button_text_size_tablet=\u00bb\u00bb button_text_size_phone=\u00bb12px\u00bb button_text_size_last_edited=\u00bbon|phone\u00bb global_colors_info=\u00bb{}\u00bb theme_builder_area=\u00bbpost_content\u00bb button_bg_enable_color=\u00bboff\u00bb sticky_enabled=\u00bb0&#8243;][\/et_pb_button][et_pb_button button_url=\u00bb@ET-DC@eyJkeW5hbWljIjp0cnVlLCJjb250ZW50IjoicG9zdF9saW5rX3VybF9wYWdlIiwic2V0dGluZ3MiOnsicG9zdF9pZCI6IjEwNzE3In19@\u00bb button_text=\u00bbCookies\u00bb _builder_version=\u00bb4.24.1&#8243; _dynamic_attributes=\u00bbbutton_url\u00bb _module_preset=\u00bbdefault\u00bb custom_button=\u00bbon\u00bb button_text_size=\u00bb14px\u00bb button_border_radius=\u00bb100px\u00bb button_font=\u00bb|||on|||||\u00bb button_use_icon=\u00bboff\u00bb background_layout=\u00bbdark\u00bb custom_margin=\u00bb||0px||false|false\u00bb hover_enabled=\u00bb0&#8243; button_text_size_tablet=\u00bb\u00bb button_text_size_phone=\u00bb12px\u00bb button_text_size_last_edited=\u00bbon|phone\u00bb global_colors_info=\u00bb{}\u00bb theme_builder_area=\u00bbpost_content\u00bb button_bg_color=\u00bb#000000&#8243; button_bg_enable_color=\u00bbon\u00bb sticky_enabled=\u00bb0&#8243;][\/et_pb_button][\/et_pb_column][\/et_pb_row][et_pb_row use_custom_gutter=\u00bbon\u00bb gutter_width=\u00bb2&#8243; make_equal=\u00bbon\u00bb _builder_version=\u00bb4.24.1&#8243; _module_preset=\u00bbdefault\u00bb background_enable_color=\u00bboff\u00bb custom_margin_tablet=\u00bb6%||||false|false\u00bb custom_margin_phone=\u00bb0%||||false|false\u00bb custom_margin_last_edited=\u00bboff|desktop\u00bb custom_padding=\u00bb1vh||9vh||false|false\u00bb global_colors_info=\u00bb{}\u00bb theme_builder_area=\u00bbpost_content\u00bb][et_pb_column type=\u00bb4_4&#8243; _builder_version=\u00bb4.24.1&#8243; _module_preset=\u00bbdefault\u00bb background_color=\u00bbrgba(0,0,0,0.79)\u00bb custom_padding=\u00bb2vh|2vw|2vh|2vw|true|true\u00bb custom_padding_tablet=\u00bb3vh|3vw|3vh|3vw|true|true\u00bb custom_padding_phone=\u00bb|4vw||4vw|true|true\u00bb custom_padding_last_edited=\u00bbon|phone\u00bb global_colors_info=\u00bb{}\u00bb custom_css_main_element_last_edited=\u00bbon|phone\u00bb custom_css_main_element_phone=\u00bbwidth: 100% !important;\u00bb theme_builder_area=\u00bbpost_content\u00bb][et_pb_text _builder_version=\u00bb4.24.1&#8243; _module_preset=\u00bbdefault\u00bb text_font=\u00bbMerriweather||||||||\u00bb text_text_color=\u00bb#FFFFFF\u00bb text_orientation=\u00bbjustified\u00bb hover_enabled=\u00bb0&#8243; custom_css_main_element=\u00bbcolumn-count: 3;||column-gap: 3em;\u00bb global_colors_info=\u00bb{}\u00bb custom_css_main_element_last_edited=\u00bbon|phone\u00bb custom_css_main_element_phone=\u00bbcolumn-count: 1;\u00bb custom_css_main_element_tablet=\u00bbcolumn-count: 2;||column-gap: 3em;\u00bb theme_builder_area=\u00bbpost_content\u00bb sticky_enabled=\u00bb0&#8243;]Utilizamos cookies propias y de terceros para obtener datos estad\u00edsticos de la navegaci\u00f3n de nuestros usuarios y mejorar nuestros servicios. Si acepta o contin\u00faa navegando, consideramos que acepta su uso. Puede cambiar la configuraci\u00f3n u obtener m\u00e1s informaci\u00f3n aqu\u00ed (enlace a p\u00e1gina de cookies).<\/p>\n<p>En cumplimiento con lo dispuesto en el art\u00edculo 22.2 de la Ley 34\/2002, de 11 de julio, de Servicios de la Sociedad de la Informaci\u00f3n y de Comercio Electr\u00f3nico, esta p\u00e1gina web le informa, en esta secci\u00f3n, sobre la pol\u00edtica de recogida y tratamiento de cookies.<\/p>\n<p><strong>\u00bfQU\u00c9 SON LAS COOKIES?<\/strong><br \/>\nUna cookie es un fichero que se descarga en su ordenador al acceder a determinadas p\u00e1ginas web. Las cookies permiten a una p\u00e1gina web, entre otras cosas, almacenar y recuperar informaci\u00f3n sobre los h\u00e1bitos de navegaci\u00f3n de un usuario o de su equipo y, dependiendo de la informaci\u00f3n que contengan y de la forma en que utilice su equipo, pueden utilizarse para reconocer al usuario.<\/p>\n<p><strong>\u00bfQU\u00c9 TIPOS DE COOKIES UTILIZA ESTA P\u00c1GINA WEB?<\/strong><br \/>\nEsta p\u00e1gina web utiliza los siguientes tipos de cookies:<\/p>\n<p>Cookies de an\u00e1lisis: Son aqu\u00e9llas que bien tratadas por nosotros o por terceros, nos permiten cuantificar el n\u00famero de usuarios y as\u00ed realizar la medici\u00f3n y an\u00e1lisis estad\u00edstico de la utilizaci\u00f3n que hacen los usuarios del servicio ofertado. Para ello se analiza su navegaci\u00f3n en nuestra p\u00e1gina web con el fin de mejorar la oferta de productos o servicios que le ofrecemos.<\/p>\n<p>Cookies t\u00e9cnicas: Son aquellas que permiten al usuario la navegaci\u00f3n a trav\u00e9s del \u00e1rea restringida y la utilizaci\u00f3n de sus diferentes funciones, como por ejemplo, llevar a cambio el proceso de compra de un art\u00edculo.<\/p>\n<p>Cookies de personalizaci\u00f3n: Son aquellas que permiten al usuario acceder al servicio con algunas caracter\u00edsticas de car\u00e1cter general predefinidas en funci\u00f3n de una serie de criterios en el terminal del usuario como por ejemplo serian el idioma o el tipo de navegador a trav\u00e9s del cual se conecta al servicio.<\/p>\n<p>Cookies publicitarias: Son aqu\u00e9llas que, bien tratadas por esta web o por terceros, permiten gestionar de la forma m\u00e1s eficaz posible la oferta de los espacios publicitarios que hay en la p\u00e1gina web, adecuando el contenido del anuncio al contenido del servicio solicitado o al uso que realice de nuestra p\u00e1gina web. Para ello podemos analizar sus h\u00e1bitos de navegaci\u00f3n en Internet y podemos mostrarle publicidad relacionada con su perfil de navegaci\u00f3n.<\/p>\n<p>Cookies de publicidad comportamental: Son aquellas que permiten la gesti\u00f3n, de la forma m\u00e1s eficaz posible, de los espacios publicitarios que, en su caso, el editor haya incluido en una p\u00e1gina web, aplicaci\u00f3n o plataforma desde la que presta el servicio solicitado. Este tipo de cookies almacenan informaci\u00f3n del comportamiento de los visitantes obtenida a trav\u00e9s de la observaci\u00f3n continuada de sus h\u00e1bitos de navegaci\u00f3n, lo que permite desarrollar un perfil espec\u00edfico para mostrar avisos publicitarios en funci\u00f3n del mismo.<\/p>\n<p><strong>DESACTIVAR LAS COOKIES.<\/strong><br \/>\nPuede usted permitir, bloquear o eliminar las cookies instaladas en su equipo mediante la configuraci\u00f3n de las opciones del navegador instalado en su ordenador.<\/p>\n<p>En la mayor\u00eda de los navegadores web se ofrece la posibilidad de permitir, bloquear o eliminar las cookies instaladas en su equipo.<\/p>\n<p>A continuaci\u00f3n puede acceder a la configuraci\u00f3n de los navegadores webs m\u00e1s frecuentes para aceptar, instalar o desactivar las cookies:<\/p>\n<p>Configurar cookies en <a href=\"https:\/\/support.google.com\/accounts\/answer\/61416?hl=es&amp;co=GENIE.Platform%3DDesktop\" target=\"_blank\" rel=\"noopener\">Google Chrome<\/a><\/p>\n<p>Configurar cookies en <a href=\"https:\/\/support.microsoft.com\/es-es\/windows\/eliminar-y-administrar-cookies-168dab11-0753-043d-7c16-ede5947fc64d\">Microsoft Edge<\/a><\/p>\n<p>Configurar cookies en <a href=\"https:\/\/support.mozilla.org\/es\/kb\/habilitar-y-deshabilitar-cookies-sitios-web-rastrear-preferencias\">Mozilla Firefox<\/a><\/p>\n<p>Configurar cookies en <a href=\"https:\/\/support.apple.com\/es-es\/guide\/safari\/sfri11471\/mac\">Safari<\/a> (Apple)<\/p>\n<p><strong>COOKIES DE TERCEROS.<\/strong><br \/>\nEsta p\u00e1gina web utiliza servicios de terceros para recopilar informaci\u00f3n con fines estad\u00edsticos y de uso de la web. Se usan cookies de DoubleClick para mejorar la publicidad que se incluye en el sitio web. Son utilizadas para orientar la publicidad seg\u00fan el contenido que es relevante para un usuario, mejorando as\u00ed la calidad de experiencia en el uso del mismo.<\/p>\n<p>En concreto, usamos los servicios de Google Adsense y de Google Analytics para nuestras estad\u00edsticas y publicidad. Algunas cookies son esenciales para el funcionamiento del sitio, por ejemplo el buscador incorporado.<\/p>\n<p>Nuestro sitio incluye otras funcionalidades proporcionadas por terceros. Usted puede f\u00e1cilmente compartir el contenido en redes sociales como Instagram, Twitter o Youtube, con los botones que hemos incluido a tal efecto.<\/p>\n<p><strong>ADVERTENCIA SOBRE ELIMINAR COOKIES.<\/strong><br \/>\nUsted puede eliminar y bloquear todas las cookies de este sitio, pero parte del sitio no funcionar\u00e1 o la calidad de la p\u00e1gina web puede verse afectada.<\/p>\n<p>Si tiene cualquier duda acerca de nuestra pol\u00edtica de cookies, puede contactar con esta p\u00e1gina web a trav\u00e9s de nuestros canales de Contacto.[\/et_pb_text][\/et_pb_column][\/et_pb_row][\/et_pb_section]<\/p>\n<!-- AddThis Advanced Settings generic via filter on the_content --><!-- AddThis Share Buttons generic via filter on the_content -->","protected":false},"excerpt":{"rendered":"<p><div class=\"et_pb_module dsm_typing_effect dsm_typing_effect_0 et_pb_bg_layout_light \">\n\t\t\t\t\n\t\t\t\t\n\t\t\t\t\n\t\t\t\t\n\t\t\t\t\n\t\t\t\t\n\t\t\t\t<div class=\"et_pb_module_inner\">\n\t\t\t\t\t<h1 class=\"dsm-typing-effect et_pb_module_header\" aria-label=\"Aviso de Cookies\"> <span class=\"dsm-typing-wrapper\"><span class=\"dsm-typing-strings\">Aviso de Cookies<\/span><span class=\"dsm-typing\" aria-hidden=\"true\" data-dsm-typing-cursor=\"|\" data-dsm-typing-strings=\"Aviso de Cookies\" data-dsm-typing-speed=100ms data-dsm-typing-backspeed=50ms data-dsm-typing-backdelay=700ms data-dsm-typing-loop=false data-dsm-typing-remove-cursor=off data-dsm-typing-fadeout=false data-dsm-typing-shuffle=false data-dsm-typing-delay=0ms data-dsm-typing-viewport=80% data-dsm-typing-repeat=on><\/span><\/span><\/h1>\n\t\t\t\t<\/div>\n\t\t\t<\/div>Utilizamos cookies propias y de terceros para obtener datos estad\u00edsticos de la navegaci\u00f3n de nuestros usuarios y mejorar nuestros servicios. Si acepta o contin\u00faa navegando, consideramos que acepta su uso. Puede cambiar la configuraci\u00f3n u obtener m\u00e1s informaci\u00f3n aqu\u00ed (enlace a p\u00e1gina de cookies). En cumplimiento con lo dispuesto en el art\u00edculo 22.2 de la Ley 34\/2002, de 11 de julio, de Servicios de la Sociedad de la Informaci\u00f3n y de Comercio Electr\u00f3nico, esta p\u00e1gina web le informa, en esta secci\u00f3n, sobre la pol\u00edtica de recogida y tratamiento de cookies. \u00bfQU\u00c9 SON LAS COOKIES? Una cookie es un fichero que se descarga en su ordenador al acceder a determinadas p\u00e1ginas web. Las cookies permiten a una p\u00e1gina web, entre otras cosas, almacenar y recuperar informaci\u00f3n sobre los h\u00e1bitos de navegaci\u00f3n de un usuario o de su equipo y, dependiendo de la informaci\u00f3n que contengan y de la forma en que utilice su equipo, pueden utilizarse para reconocer al usuario. \u00bfQU\u00c9 TIPOS DE COOKIES UTILIZA ESTA P\u00c1GINA WEB? Esta p\u00e1gina web utiliza los siguientes tipos de cookies: Cookies de an\u00e1lisis: Son aqu\u00e9llas [&hellip;]<\/p>\n<p><!-- AddThis Advanced Settings generic via filter on get_the_excerpt --><!-- AddThis Share Buttons generic via filter on get_the_excerpt --><\/p>\n","protected":false},"author":5,"featured_media":0,"parent":0,"menu_order":0,"comment_status":"closed","ping_status":"closed","template":"","meta":{"_acf_changed":false,"_et_pb_use_builder":"on","_et_pb_old_content":"","_et_gb_content_width":"","footnotes":""},"class_list":["post-10717","page","type-page","status-publish","hentry"],"acf":[],"yoast_head":"<!-- This site is optimized with the Yoast SEO plugin v27.4 - https:\/\/yoast.com\/product\/yoast-seo-wordpress\/ -->\n<title>Cookies - Cuadra Agrado<\/title>\n<meta name=\"robots\" content=\"index, follow, max-snippet:-1, max-image-preview:large, max-video-preview:-1\" \/>\n<link rel=\"canonical\" href=\"https:\/\/cuadra-agrado.es\/?page_id=10717\" \/>\n<meta property=\"og:locale\" content=\"es_ES\" \/>\n<meta property=\"og:type\" content=\"article\" \/>\n<meta property=\"og:title\" content=\"Cookies - Cuadra Agrado\" \/>\n<meta property=\"og:description\" content=\"Utilizamos cookies propias y de terceros para obtener datos estad\u00edsticos de la navegaci\u00f3n de nuestros usuarios y mejorar nuestros servicios. Si acepta o contin\u00faa navegando, consideramos que acepta su uso. Puede cambiar la configuraci\u00f3n u obtener m\u00e1s informaci\u00f3n aqu\u00ed (enlace a p\u00e1gina de cookies). En cumplimiento con lo dispuesto en el art\u00edculo 22.2 de la Ley 34\/2002, de 11 de julio, de Servicios de la Sociedad de la Informaci\u00f3n y de Comercio Electr\u00f3nico, esta p\u00e1gina web le informa, en esta secci\u00f3n, sobre la pol\u00edtica de recogida y tratamiento de cookies. \u00bfQU\u00c9 SON LAS COOKIES? Una cookie es un fichero que se descarga en su ordenador al acceder a determinadas p\u00e1ginas web. Las cookies permiten a una p\u00e1gina web, entre otras cosas, almacenar y recuperar informaci\u00f3n sobre los h\u00e1bitos de navegaci\u00f3n de un usuario o de su equipo y, dependiendo de la informaci\u00f3n que contengan y de la forma en que utilice su equipo, pueden utilizarse para reconocer al usuario. \u00bfQU\u00c9 TIPOS DE COOKIES UTILIZA ESTA P\u00c1GINA WEB? Esta p\u00e1gina web utiliza los siguientes tipos de cookies: Cookies de an\u00e1lisis: Son aqu\u00e9llas [&hellip;]\" \/>\n<meta property=\"og:url\" content=\"https:\/\/cuadra-agrado.es\/?page_id=10717\" \/>\n<meta property=\"og:site_name\" content=\"Cuadra Agrado\" \/>\n<meta property=\"article:modified_time\" content=\"2024-02-27T09:14:41+00:00\" \/>\n<meta name=\"twitter:card\" content=\"summary_large_image\" \/>\n<meta name=\"twitter:site\" content=\"@AGRADOracing\" \/>\n<meta name=\"twitter:label1\" content=\"Tiempo de lectura\" \/>\n\t<meta name=\"twitter:data1\" content=\"8 minutos\" \/>\n<script type=\"application\/ld+json\" class=\"yoast-schema-graph\">{\"@context\":\"https:\\\/\\\/schema.org\",\"@graph\":[{\"@type\":\"WebPage\",\"@id\":\"https:\\\/\\\/cuadra-agrado.es\\\/?page_id=10717\",\"url\":\"https:\\\/\\\/cuadra-agrado.es\\\/?page_id=10717\",\"name\":\"Cookies - Cuadra Agrado\",\"isPartOf\":{\"@id\":\"https:\\\/\\\/cuadra-agrado.es\\\/#website\"},\"datePublished\":\"2022-10-01T06:48:11+00:00\",\"dateModified\":\"2024-02-27T09:14:41+00:00\",\"breadcrumb\":{\"@id\":\"https:\\\/\\\/cuadra-agrado.es\\\/?page_id=10717#breadcrumb\"},\"inLanguage\":\"es\",\"potentialAction\":[{\"@type\":\"ReadAction\",\"target\":[\"https:\\\/\\\/cuadra-agrado.es\\\/?page_id=10717\"]}]},{\"@type\":\"BreadcrumbList\",\"@id\":\"https:\\\/\\\/cuadra-agrado.es\\\/?page_id=10717#breadcrumb\",\"itemListElement\":[{\"@type\":\"ListItem\",\"position\":1,\"name\":\"Portada\",\"item\":\"https:\\\/\\\/cuadra-agrado.es\\\/\"},{\"@type\":\"ListItem\",\"position\":2,\"name\":\"Cookies\"}]},{\"@type\":\"WebSite\",\"@id\":\"https:\\\/\\\/cuadra-agrado.es\\\/#website\",\"url\":\"https:\\\/\\\/cuadra-agrado.es\\\/\",\"name\":\"Cuadra Agrado\",\"description\":\"En el mundo del Turf desde 2008\",\"potentialAction\":[{\"@type\":\"SearchAction\",\"target\":{\"@type\":\"EntryPoint\",\"urlTemplate\":\"https:\\\/\\\/cuadra-agrado.es\\\/?s={search_term_string}\"},\"query-input\":{\"@type\":\"PropertyValueSpecification\",\"valueRequired\":true,\"valueName\":\"search_term_string\"}}],\"inLanguage\":\"es\"}]}<\/script>\n<!-- \/ Yoast SEO plugin. -->","yoast_head_json":{"title":"Cookies - Cuadra Agrado","robots":{"index":"index","follow":"follow","max-snippet":"max-snippet:-1","max-image-preview":"max-image-preview:large","max-video-preview":"max-video-preview:-1"},"canonical":"https:\/\/cuadra-agrado.es\/?page_id=10717","og_locale":"es_ES","og_type":"article","og_title":"Cookies - Cuadra Agrado","og_description":"Utilizamos cookies propias y de terceros para obtener datos estad\u00edsticos de la navegaci\u00f3n de nuestros usuarios y mejorar nuestros servicios. Si acepta o contin\u00faa navegando, consideramos que acepta su uso. Puede cambiar la configuraci\u00f3n u obtener m\u00e1s informaci\u00f3n aqu\u00ed (enlace a p\u00e1gina de cookies). En cumplimiento con lo dispuesto en el art\u00edculo 22.2 de la Ley 34\/2002, de 11 de julio, de Servicios de la Sociedad de la Informaci\u00f3n y de Comercio Electr\u00f3nico, esta p\u00e1gina web le informa, en esta secci\u00f3n, sobre la pol\u00edtica de recogida y tratamiento de cookies. \u00bfQU\u00c9 SON LAS COOKIES? Una cookie es un fichero que se descarga en su ordenador al acceder a determinadas p\u00e1ginas web. Las cookies permiten a una p\u00e1gina web, entre otras cosas, almacenar y recuperar informaci\u00f3n sobre los h\u00e1bitos de navegaci\u00f3n de un usuario o de su equipo y, dependiendo de la informaci\u00f3n que contengan y de la forma en que utilice su equipo, pueden utilizarse para reconocer al usuario. \u00bfQU\u00c9 TIPOS DE COOKIES UTILIZA ESTA P\u00c1GINA WEB? Esta p\u00e1gina web utiliza los siguientes tipos de cookies: Cookies de an\u00e1lisis: Son aqu\u00e9llas [&hellip;]","og_url":"https:\/\/cuadra-agrado.es\/?page_id=10717","og_site_name":"Cuadra Agrado","article_modified_time":"2024-02-27T09:14:41+00:00","twitter_card":"summary_large_image","twitter_site":"@AGRADOracing","twitter_misc":{"Tiempo de lectura":"8 minutos"},"schema":{"@context":"https:\/\/schema.org","@graph":[{"@type":"WebPage","@id":"https:\/\/cuadra-agrado.es\/?page_id=10717","url":"https:\/\/cuadra-agrado.es\/?page_id=10717","name":"Cookies - Cuadra Agrado","isPartOf":{"@id":"https:\/\/cuadra-agrado.es\/#website"},"datePublished":"2022-10-01T06:48:11+00:00","dateModified":"2024-02-27T09:14:41+00:00","breadcrumb":{"@id":"https:\/\/cuadra-agrado.es\/?page_id=10717#breadcrumb"},"inLanguage":"es","potentialAction":[{"@type":"ReadAction","target":["https:\/\/cuadra-agrado.es\/?page_id=10717"]}]},{"@type":"BreadcrumbList","@id":"https:\/\/cuadra-agrado.es\/?page_id=10717#breadcrumb","itemListElement":[{"@type":"ListItem","position":1,"name":"Portada","item":"https:\/\/cuadra-agrado.es\/"},{"@type":"ListItem","position":2,"name":"Cookies"}]},{"@type":"WebSite","@id":"https:\/\/cuadra-agrado.es\/#website","url":"https:\/\/cuadra-agrado.es\/","name":"Cuadra Agrado","description":"En el mundo del Turf desde 2008","potentialAction":[{"@type":"SearchAction","target":{"@type":"EntryPoint","urlTemplate":"https:\/\/cuadra-agrado.es\/?s={search_term_string}"},"query-input":{"@type":"PropertyValueSpecification","valueRequired":true,"valueName":"search_term_string"}}],"inLanguage":"es"}]}},"_links":{"self":[{"href":"https:\/\/cuadra-agrado.es\/index.php?rest_route=\/wp\/v2\/pages\/10717","targetHints":{"allow":["GET"]}}],"collection":[{"href":"https:\/\/cuadra-agrado.es\/index.php?rest_route=\/wp\/v2\/pages"}],"about":[{"href":"https:\/\/cuadra-agrado.es\/index.php?rest_route=\/wp\/v2\/types\/page"}],"author":[{"embeddable":true,"href":"https:\/\/cuadra-agrado.es\/index.php?rest_route=\/wp\/v2\/users\/5"}],"replies":[{"embeddable":true,"href":"https:\/\/cuadra-agrado.es\/index.php?rest_route=%2Fwp%2Fv2%2Fcomments&post=10717"}],"version-history":[{"count":0,"href":"https:\/\/cuadra-agrado.es\/index.php?rest_route=\/wp\/v2\/pages\/10717\/revisions"}],"wp:attachment":[{"href":"https:\/\/cuadra-agrado.es\/index.php?rest_route=%2Fwp%2Fv2%2Fmedia&parent=10717"}],"curies":[{"name":"wp","href":"https:\/\/api.w.org\/{rel}","templated":true}]}}